{"id":9661,"date":"2026-01-04T13:53:55","date_gmt":"2026-01-04T13:53:55","guid":{"rendered":"https:\/\/mecacnc.com\/fabricante-lider-de-prensas-plegadoras-cnc\/taller-de-plegadoras\/"},"modified":"2026-01-05T11:05:02","modified_gmt":"2026-01-05T11:05:02","slug":"taller-de-plegadoras","status":"publish","type":"page","link":"https:\/\/mecacnc.com\/es\/fabricante-lider-de-prensas-plegadoras-cnc\/taller-de-plegadoras\/","title":{"rendered":"Taller de Plegadoras"},"content":{"rendered":"&#13;\n<h3 class=\"has-text-align-center wp-block-heading\">Fabricante l\u00edder de plegadoras<\/h3>&#13;\n&#13;\n<h3 class=\"wp-block-heading\">Fabricaci\u00f3n de plegadoras grandes<\/h3>&#13;\n&#13;\n<figure class=\"wp-block-embed-youtube wp-block-embed is-type-video is-provider-youtube\">&#13;\n<div class=\"wp-block-embed__wrapper\">https:\/\/www.youtube.com\/watch?v=u7X9VnHFL3k<\/div>&#13;\n<\/figure>&#13;\n&#13;\n<p>El coste de producci\u00f3n de una plegadora grande es significativamente mayor que el de una m\u00e1s peque\u00f1a. Adem\u00e1s, las plegadoras grandes est\u00e1n construidas para soportar una presi\u00f3n de tonelaje mucho mayor, lo que requiere un dise\u00f1o y un proceso de fabricaci\u00f3n s\u00f3lidos para garantizar la estabilidad a largo plazo del sistema de alimentaci\u00f3n. La f\u00e1brica y el equipo t\u00e9cnico de Meca est\u00e1n totalmente equipados con la experiencia y los recursos necesarios para producir de forma eficiente plegadoras de 500 t\/6000 mm y tama\u00f1os superiores. <\/p>&#13;\n\r\n<div class=\"wp-block-buttons is-layout-flex wp-block-buttons-is-layout-flex\">&#13;\n<div class=\"wp-block-button\"><a class=\"wp-block-button__link\">Personalice mi plegadora CNC<\/a><\/div>&#13;\n<\/div>\r\n&#13;\n<h3 class=\"wp-block-heading\">Desde acero en bruto hasta plegadoras terminadas<\/h3>&#13;\n&#13;\n<p>Gestionamos todo el ciclo de producci\u00f3n, desde el acero en bruto hasta las plegadoras terminadas.<\/p>&#13;\n&#13;\n<h3 class=\"has-text-align-center wp-block-heading\">Personalice su plegadora<\/h3>&#13;\n&#13;\n<figure class=\"wp-block-image size-medium_large\"><img loading=\"lazy\" decoding=\"async\" width=\"768\" height=\"578\" class=\"wp-image-4100\" src=\"https:\/\/mecacnc.com\/wp-content\/uploads\/2025\/06\/design-768x578.png\" alt=\"\" srcset=\"https:\/\/mecacnc.com\/wp-content\/uploads\/2025\/06\/design-768x578.png 768w, https:\/\/mecacnc.com\/wp-content\/uploads\/2025\/06\/design-300x226.png 300w, https:\/\/mecacnc.com\/wp-content\/uploads\/2025\/06\/design-1024x770.png 1024w, https:\/\/mecacnc.com\/wp-content\/uploads\/2025\/06\/design-1536x1155.png 1536w, https:\/\/mecacnc.com\/wp-content\/uploads\/2025\/06\/design-2048x1540.png 2048w\" sizes=\"auto, (max-width: 768px) 100vw, 768px\" \/><\/figure>&#13;\n&#13;\n<p>Nuestro equipo de ingenier\u00eda procede de diversos campos profesionales, como el dise\u00f1o mec\u00e1nico, el dise\u00f1o hidr\u00e1ulico, la ingenier\u00eda de procesos y el dise\u00f1o el\u00e9ctrico, con m\u00e1s de 10 a\u00f1os de amplia experiencia. Somos capaces de proporcionar servicios personalizados para varios modelos de plegadoras. <\/p>&#13;\n<p><!-- wp:Array \/--><\/p>\n","protected":false},"excerpt":{"rendered":"<p>&#13; Fabricante l\u00edder de plegadoras &#13; &#13; Fabricaci\u00f3n de plegadoras grandes &#13; &#13; El coste de producci\u00f3n de una plegadora grande es significativamente mayor que el de una m\u00e1s peque\u00f1a. Adem\u00e1s, las plegadoras grandes est\u00e1n construidas para soportar una presi\u00f3n de tonelaje mucho mayor, lo que requiere un dise\u00f1o y un proceso de fabricaci\u00f3n s\u00f3lidos [&hellip;]<\/p>\n","protected":false},"author":1,"featured_media":6419,"parent":6659,"menu_order":0,"comment_status":"closed","ping_status":"closed","template":"","meta":{"_acf_changed":false,"footnotes":""},"class_list":["post-9661","page","type-page","status-publish","has-post-thumbnail","hentry"],"acf":[],"_links":{"self":[{"href":"https:\/\/mecacnc.com\/es\/wp-json\/wp\/v2\/pages\/9661","targetHints":{"allow":["GET"]}}],"collection":[{"href":"https:\/\/mecacnc.com\/es\/wp-json\/wp\/v2\/pages"}],"about":[{"href":"https:\/\/mecacnc.com\/es\/wp-json\/wp\/v2\/types\/page"}],"author":[{"embeddable":true,"href":"https:\/\/mecacnc.com\/es\/wp-json\/wp\/v2\/users\/1"}],"replies":[{"embeddable":true,"href":"https:\/\/mecacnc.com\/es\/wp-json\/wp\/v2\/comments?post=9661"}],"version-history":[{"count":1,"href":"https:\/\/mecacnc.com\/es\/wp-json\/wp\/v2\/pages\/9661\/revisions"}],"predecessor-version":[{"id":9663,"href":"https:\/\/mecacnc.com\/es\/wp-json\/wp\/v2\/pages\/9661\/revisions\/9663"}],"up":[{"embeddable":true,"href":"https:\/\/mecacnc.com\/es\/wp-json\/wp\/v2\/pages\/6659"}],"wp:featuredmedia":[{"embeddable":true,"href":"https:\/\/mecacnc.com\/es\/wp-json\/wp\/v2\/media\/6419"}],"wp:attachment":[{"href":"https:\/\/mecacnc.com\/es\/wp-json\/wp\/v2\/media?parent=9661"}],"curies":[{"name":"wp","href":"https:\/\/api.w.org\/{rel}","templated":true}]}}